{"id":485,"date":"2025-08-25T01:02:47","date_gmt":"2025-08-25T04:02:47","guid":{"rendered":"https:\/\/grupobsagro.com.br\/colonizzare\/?post_type=product&#038;p=485"},"modified":"2025-10-01T18:39:43","modified_gmt":"2025-10-01T21:39:43","slug":"vitality","status":"publish","type":"product","link":"https:\/\/grupobsagro.com.br\/colonizzare\/produto\/vitality\/","title":{"rendered":"VITALITY"},"content":{"rendered":"","protected":false},"excerpt":{"rendered":"<p><em><strong>COLONIZZARE VITALITY<\/strong><\/em><\/p>\n<p>Trata-se de um blend biol\u00f3gico formulado \u00e0 base de Bacillus pumilus (70%), Bacillus velezensis (15%) e Bacillus amyloliquefaciens (15%), reunindo microrganismos com alta capacidade de promover o crescimento vegetal e atuar na supress\u00e3o de pat\u00f3genos. A a\u00e7\u00e3o conjunta dessas cepas amplia a efic\u00e1cia no manejo biol\u00f3gico, contribuindo para uma agricultura mais sustent\u00e1vel, com maior vigor das plantas e menor depend\u00eancia de defensivos qu\u00edmicos.<\/p>\n","protected":false},"featured_media":501,"template":"","meta":[],"product_brand":[],"product_cat":[17],"product_tag":[],"class_list":{"0":"post-485","1":"product","2":"type-product","3":"status-publish","4":"has-post-thumbnail","6":"product_cat-biologicos","8":"first","9":"instock","10":"shipping-taxable","11":"product-type-simple"},"_links":{"self":[{"href":"https:\/\/grupobsagro.com.br\/colonizzare\/wp-json\/wp\/v2\/product\/485","targetHints":{"allow":["GET"]}}],"collection":[{"href":"https:\/\/grupobsagro.com.br\/colonizzare\/wp-json\/wp\/v2\/product"}],"about":[{"href":"https:\/\/grupobsagro.com.br\/colonizzare\/wp-json\/wp\/v2\/types\/product"}],"wp:featuredmedia":[{"embeddable":true,"href":"https:\/\/grupobsagro.com.br\/colonizzare\/wp-json\/wp\/v2\/media\/501"}],"wp:attachment":[{"href":"https:\/\/grupobsagro.com.br\/colonizzare\/wp-json\/wp\/v2\/media?parent=485"}],"wp:term":[{"taxonomy":"product_brand","embeddable":true,"href":"https:\/\/grupobsagro.com.br\/colonizzare\/wp-json\/wp\/v2\/product_brand?post=485"},{"taxonomy":"product_cat","embeddable":true,"href":"https:\/\/grupobsagro.com.br\/colonizzare\/wp-json\/wp\/v2\/product_cat?post=485"},{"taxonomy":"product_tag","embeddable":true,"href":"https:\/\/grupobsagro.com.br\/colonizzare\/wp-json\/wp\/v2\/product_tag?post=485"}],"curies":[{"name":"wp","href":"https:\/\/api.w.org\/{rel}","templated":true}]}}