{"id":481,"date":"2025-08-25T00:52:49","date_gmt":"2025-08-25T03:52:49","guid":{"rendered":"https:\/\/grupobsagro.com.br\/colonizzare\/?post_type=product&#038;p=481"},"modified":"2025-09-16T22:28:56","modified_gmt":"2025-09-17T01:28:56","slug":"hydros","status":"publish","type":"product","link":"https:\/\/grupobsagro.com.br\/colonizzare\/produto\/hydros\/","title":{"rendered":"HYDROS"},"content":{"rendered":"","protected":false},"excerpt":{"rendered":"<p><em><strong>COLONIZZARE HYDROS<\/strong><\/em><\/p>\n<p>Trata-se de um blend biol\u00f3gico composto por Bacillus aryabhattai (70%), Bacillus subtilis (15%) e Bacillus amyloliquefaciens (15%), que atuam de forma complementar no controle de pat\u00f3genos e na promo\u00e7\u00e3o da sa\u00fade das plantas. A formula\u00e7\u00e3o amplia o espectro de a\u00e7\u00e3o e contribui para um manejo mais sustent\u00e1vel, reduzindo a depend\u00eancia de defensivos qu\u00edmicos.<\/p>\n","protected":false},"featured_media":499,"template":"","meta":[],"product_brand":[],"product_cat":[17],"product_tag":[],"class_list":{"0":"post-481","1":"product","2":"type-product","3":"status-publish","4":"has-post-thumbnail","6":"product_cat-biologicos","8":"first","9":"instock","10":"shipping-taxable","11":"product-type-simple"},"_links":{"self":[{"href":"https:\/\/grupobsagro.com.br\/colonizzare\/wp-json\/wp\/v2\/product\/481","targetHints":{"allow":["GET"]}}],"collection":[{"href":"https:\/\/grupobsagro.com.br\/colonizzare\/wp-json\/wp\/v2\/product"}],"about":[{"href":"https:\/\/grupobsagro.com.br\/colonizzare\/wp-json\/wp\/v2\/types\/product"}],"wp:featuredmedia":[{"embeddable":true,"href":"https:\/\/grupobsagro.com.br\/colonizzare\/wp-json\/wp\/v2\/media\/499"}],"wp:attachment":[{"href":"https:\/\/grupobsagro.com.br\/colonizzare\/wp-json\/wp\/v2\/media?parent=481"}],"wp:term":[{"taxonomy":"product_brand","embeddable":true,"href":"https:\/\/grupobsagro.com.br\/colonizzare\/wp-json\/wp\/v2\/product_brand?post=481"},{"taxonomy":"product_cat","embeddable":true,"href":"https:\/\/grupobsagro.com.br\/colonizzare\/wp-json\/wp\/v2\/product_cat?post=481"},{"taxonomy":"product_tag","embeddable":true,"href":"https:\/\/grupobsagro.com.br\/colonizzare\/wp-json\/wp\/v2\/product_tag?post=481"}],"curies":[{"name":"wp","href":"https:\/\/api.w.org\/{rel}","templated":true}]}}