{"id":458,"date":"2025-08-06T21:39:35","date_gmt":"2025-08-07T00:39:35","guid":{"rendered":"https:\/\/grupobsagro.com.br\/colonizzare\/?post_type=product&#038;p=458"},"modified":"2025-09-16T22:19:08","modified_gmt":"2025-09-17T01:19:08","slug":"biosollus","status":"publish","type":"product","link":"https:\/\/grupobsagro.com.br\/colonizzare\/produto\/biosollus\/","title":{"rendered":"BIOSOLLUS"},"content":{"rendered":"","protected":false},"excerpt":{"rendered":"<p><em><strong>COLONIZZARE BIOSOLLUS<\/strong><\/em><\/p>\n<p>Trata-se de um blend biol\u00f3gico formulado \u00e0 base de Bacillus megaterium, duas cepas de Bacillus subtilis, Bacillus pumilus e Trichoderma harzianum, reunindo agentes de reconhecida efici\u00eancia no manejo de doen\u00e7as e no est\u00edmulo ao desenvolvimento vegetal. Essa combina\u00e7\u00e3o atua de forma sin\u00e9rgica na promo\u00e7\u00e3o do crescimento radicular, maior solubiliza\u00e7\u00e3o e disponibiliza\u00e7\u00e3o de nutrientes, indu\u00e7\u00e3o de resist\u00eancia sist\u00eamica e supress\u00e3o de fitopat\u00f3genos, favorecendo o equil\u00edbrio microbiol\u00f3gico do solo e resultando em plantas mais vigorosas, produtivas e resilientes.<\/p>\n","protected":false},"featured_media":506,"template":"","meta":[],"product_brand":[],"product_cat":[17],"product_tag":[],"class_list":{"0":"post-458","1":"product","2":"type-product","3":"status-publish","4":"has-post-thumbnail","6":"product_cat-biologicos","8":"first","9":"instock","10":"shipping-taxable","11":"product-type-simple"},"_links":{"self":[{"href":"https:\/\/grupobsagro.com.br\/colonizzare\/wp-json\/wp\/v2\/product\/458","targetHints":{"allow":["GET"]}}],"collection":[{"href":"https:\/\/grupobsagro.com.br\/colonizzare\/wp-json\/wp\/v2\/product"}],"about":[{"href":"https:\/\/grupobsagro.com.br\/colonizzare\/wp-json\/wp\/v2\/types\/product"}],"wp:featuredmedia":[{"embeddable":true,"href":"https:\/\/grupobsagro.com.br\/colonizzare\/wp-json\/wp\/v2\/media\/506"}],"wp:attachment":[{"href":"https:\/\/grupobsagro.com.br\/colonizzare\/wp-json\/wp\/v2\/media?parent=458"}],"wp:term":[{"taxonomy":"product_brand","embeddable":true,"href":"https:\/\/grupobsagro.com.br\/colonizzare\/wp-json\/wp\/v2\/product_brand?post=458"},{"taxonomy":"product_cat","embeddable":true,"href":"https:\/\/grupobsagro.com.br\/colonizzare\/wp-json\/wp\/v2\/product_cat?post=458"},{"taxonomy":"product_tag","embeddable":true,"href":"https:\/\/grupobsagro.com.br\/colonizzare\/wp-json\/wp\/v2\/product_tag?post=458"}],"curies":[{"name":"wp","href":"https:\/\/api.w.org\/{rel}","templated":true}]}}