{"id":455,"date":"2025-08-06T21:23:28","date_gmt":"2025-08-07T00:23:28","guid":{"rendered":"https:\/\/grupobsagro.com.br\/colonizzare\/?post_type=product&#038;p=455"},"modified":"2025-10-10T13:11:49","modified_gmt":"2025-10-10T16:11:49","slug":"biofoll","status":"publish","type":"product","link":"https:\/\/grupobsagro.com.br\/colonizzare\/produto\/biofoll\/","title":{"rendered":"BIOFOLL"},"content":{"rendered":"","protected":false},"excerpt":{"rendered":"<p><em><strong>COLONIZZARE BIOFOLL<\/strong><\/em><\/p>\n<p>Trata-se de um blend biol\u00f3gico formulado \u00e0 base de Beauveria bassiana, Metarhizium anisopliae e Bacillus thuringiensis, reunindo tr\u00eas agentes de comprovada efic\u00e1cia no controle de diferentes pragas agr\u00edcolas, atuando de forma complementar para ampliar o espectro de a\u00e7\u00e3o e contribuir para um manejo integrado mais sustent\u00e1vel.<\/p>\n","protected":false},"featured_media":498,"template":"","meta":[],"product_brand":[],"product_cat":[17],"product_tag":[],"class_list":{"0":"post-455","1":"product","2":"type-product","3":"status-publish","4":"has-post-thumbnail","6":"product_cat-biologicos","8":"first","9":"instock","10":"shipping-taxable","11":"product-type-simple"},"_links":{"self":[{"href":"https:\/\/grupobsagro.com.br\/colonizzare\/wp-json\/wp\/v2\/product\/455","targetHints":{"allow":["GET"]}}],"collection":[{"href":"https:\/\/grupobsagro.com.br\/colonizzare\/wp-json\/wp\/v2\/product"}],"about":[{"href":"https:\/\/grupobsagro.com.br\/colonizzare\/wp-json\/wp\/v2\/types\/product"}],"wp:featuredmedia":[{"embeddable":true,"href":"https:\/\/grupobsagro.com.br\/colonizzare\/wp-json\/wp\/v2\/media\/498"}],"wp:attachment":[{"href":"https:\/\/grupobsagro.com.br\/colonizzare\/wp-json\/wp\/v2\/media?parent=455"}],"wp:term":[{"taxonomy":"product_brand","embeddable":true,"href":"https:\/\/grupobsagro.com.br\/colonizzare\/wp-json\/wp\/v2\/product_brand?post=455"},{"taxonomy":"product_cat","embeddable":true,"href":"https:\/\/grupobsagro.com.br\/colonizzare\/wp-json\/wp\/v2\/product_cat?post=455"},{"taxonomy":"product_tag","embeddable":true,"href":"https:\/\/grupobsagro.com.br\/colonizzare\/wp-json\/wp\/v2\/product_tag?post=455"}],"curies":[{"name":"wp","href":"https:\/\/api.w.org\/{rel}","templated":true}]}}