{"id":515,"date":"2025-06-24T19:57:49","date_gmt":"2025-06-24T22:57:49","guid":{"rendered":"https:\/\/grupobsagro.com.br\/bsagrociences\/?post_type=product&#038;p=515"},"modified":"2025-08-07T21:48:41","modified_gmt":"2025-08-08T00:48:41","slug":"cultiva-hf-energy","status":"publish","type":"product","link":"https:\/\/grupobsagro.com.br\/bsagrociences\/produto\/cultiva-hf-energy\/","title":{"rendered":"CULTIVA HF &#8211; ENERGY"},"content":{"rendered":"","protected":false},"excerpt":{"rendered":"<div><strong><span class=\"ff_a\">INFORMA\u00c7\u00d5ES<\/span><\/strong><\/div>\n<p>Concentra\u00e7\u00e3o de Nutrientes:<\/p>\n<p>Sol. em \u00c1gua N &#8230;&#8230;&#8230;&#8230;&#8230;&#8230;&#8230;&#8230;&#8230;. 7,70 %<br \/>\nSol. em \u00c1gua P2O5 &#8230;&#8230;&#8230;&#8230;&#8230;&#8230;&#8230; 24,00 %<\/p>\n<p>NATUREZA F\u00cdSICA: Flu\u00eddo &#8211; suspens\u00e3o<\/p>\n","protected":false},"featured_media":533,"template":"","meta":[],"product_brand":[],"product_cat":[17,33],"product_tag":[],"class_list":{"0":"post-515","1":"product","2":"type-product","3":"status-publish","4":"has-post-thumbnail","6":"product_cat-bs","7":"product_cat-cultiva-hf","9":"first","10":"instock","11":"shipping-taxable","12":"product-type-simple"},"_links":{"self":[{"href":"https:\/\/grupobsagro.com.br\/bsagrociences\/wp-json\/wp\/v2\/product\/515","targetHints":{"allow":["GET"]}}],"collection":[{"href":"https:\/\/grupobsagro.com.br\/bsagrociences\/wp-json\/wp\/v2\/product"}],"about":[{"href":"https:\/\/grupobsagro.com.br\/bsagrociences\/wp-json\/wp\/v2\/types\/product"}],"wp:featuredmedia":[{"embeddable":true,"href":"https:\/\/grupobsagro.com.br\/bsagrociences\/wp-json\/wp\/v2\/media\/533"}],"wp:attachment":[{"href":"https:\/\/grupobsagro.com.br\/bsagrociences\/wp-json\/wp\/v2\/media?parent=515"}],"wp:term":[{"taxonomy":"product_brand","embeddable":true,"href":"https:\/\/grupobsagro.com.br\/bsagrociences\/wp-json\/wp\/v2\/product_brand?post=515"},{"taxonomy":"product_cat","embeddable":true,"href":"https:\/\/grupobsagro.com.br\/bsagrociences\/wp-json\/wp\/v2\/product_cat?post=515"},{"taxonomy":"product_tag","embeddable":true,"href":"https:\/\/grupobsagro.com.br\/bsagrociences\/wp-json\/wp\/v2\/product_tag?post=515"}],"curies":[{"name":"wp","href":"https:\/\/api.w.org\/{rel}","templated":true}]}}