{"id":372,"date":"2020-12-04T18:51:30","date_gmt":"2020-12-04T21:51:30","guid":{"rendered":"https:\/\/grupobsagro.com.br\/bsagrociences\/?post_type=product&#038;p=372"},"modified":"2025-08-21T01:08:03","modified_gmt":"2025-08-21T04:08:03","slug":"photencial-intacto","status":"publish","type":"product","link":"https:\/\/grupobsagro.com.br\/bsagrociences\/produto\/photencial-intacto\/","title":{"rendered":"PHOTENCIAL INTACTO"},"content":{"rendered":"","protected":false},"excerpt":{"rendered":"<div>\n<p><em><strong>PHOTENCIAL INTACTO<\/strong><\/em><\/p>\n<p>Photencial Intacto possui em sua composi\u00e7\u00e3o f\u00f3sforo (P) e nitrog\u00eanio (N) que aumentam a atividade metab\u00f3lica e energ\u00e9tica das plantas, promovendo um est\u00edmulo de crescimento radicular e maior aproveitamento dos nutrientes e \u00e1gua dispon\u00edveis no solo, dessa forma aumentando seu potencial produtivo.<\/p>\n<\/div>\n","protected":false},"featured_media":556,"template":"","meta":[],"product_brand":[],"product_cat":[21],"product_tag":[],"class_list":{"0":"post-372","1":"product","2":"type-product","3":"status-publish","4":"has-post-thumbnail","6":"product_cat-fertilizante-foliar-nutricao","8":"first","9":"instock","10":"shipping-taxable","11":"product-type-simple"},"_links":{"self":[{"href":"https:\/\/grupobsagro.com.br\/bsagrociences\/wp-json\/wp\/v2\/product\/372","targetHints":{"allow":["GET"]}}],"collection":[{"href":"https:\/\/grupobsagro.com.br\/bsagrociences\/wp-json\/wp\/v2\/product"}],"about":[{"href":"https:\/\/grupobsagro.com.br\/bsagrociences\/wp-json\/wp\/v2\/types\/product"}],"wp:featuredmedia":[{"embeddable":true,"href":"https:\/\/grupobsagro.com.br\/bsagrociences\/wp-json\/wp\/v2\/media\/556"}],"wp:attachment":[{"href":"https:\/\/grupobsagro.com.br\/bsagrociences\/wp-json\/wp\/v2\/media?parent=372"}],"wp:term":[{"taxonomy":"product_brand","embeddable":true,"href":"https:\/\/grupobsagro.com.br\/bsagrociences\/wp-json\/wp\/v2\/product_brand?post=372"},{"taxonomy":"product_cat","embeddable":true,"href":"https:\/\/grupobsagro.com.br\/bsagrociences\/wp-json\/wp\/v2\/product_cat?post=372"},{"taxonomy":"product_tag","embeddable":true,"href":"https:\/\/grupobsagro.com.br\/bsagrociences\/wp-json\/wp\/v2\/product_tag?post=372"}],"curies":[{"name":"wp","href":"https:\/\/api.w.org\/{rel}","templated":true}]}}