{"id":368,"date":"2020-12-04T18:30:49","date_gmt":"2020-12-04T21:30:49","guid":{"rendered":"https:\/\/grupobsagro.com.br\/bsagrociences\/?post_type=product&#038;p=368"},"modified":"2025-08-21T01:07:52","modified_gmt":"2025-08-21T04:07:52","slug":"photencial-protegge","status":"publish","type":"product","link":"https:\/\/grupobsagro.com.br\/bsagrociences\/produto\/photencial-protegge\/","title":{"rendered":"PHOTENCIAL PROTEGGE"},"content":{"rendered":"","protected":false},"excerpt":{"rendered":"<div>\n<p><em><strong>PHOTENCIAL PROTEGGE<\/strong><\/em><\/p>\n<p>Photencial Protegge tem em sua composi\u00e7\u00e3o uma suspens\u00e3o homog\u00eanea com alta concentra\u00e7\u00e3o de carbonato de c\u00e1lcio, aditivos, agentes quelantes e poliois, reduzindo o efeito de stress ambiental sobre as plantas.<br \/>\nFornece c\u00e1lcio (Ca) e nitrog\u00eanio (N) elementos fundamentais para as culturas.<\/p>\n<\/div>\n","protected":false},"featured_media":558,"template":"","meta":[],"product_brand":[],"product_cat":[21],"product_tag":[],"class_list":{"0":"post-368","1":"product","2":"type-product","3":"status-publish","4":"has-post-thumbnail","6":"product_cat-fertilizante-foliar-nutricao","8":"first","9":"instock","10":"shipping-taxable","11":"product-type-simple"},"_links":{"self":[{"href":"https:\/\/grupobsagro.com.br\/bsagrociences\/wp-json\/wp\/v2\/product\/368","targetHints":{"allow":["GET"]}}],"collection":[{"href":"https:\/\/grupobsagro.com.br\/bsagrociences\/wp-json\/wp\/v2\/product"}],"about":[{"href":"https:\/\/grupobsagro.com.br\/bsagrociences\/wp-json\/wp\/v2\/types\/product"}],"wp:featuredmedia":[{"embeddable":true,"href":"https:\/\/grupobsagro.com.br\/bsagrociences\/wp-json\/wp\/v2\/media\/558"}],"wp:attachment":[{"href":"https:\/\/grupobsagro.com.br\/bsagrociences\/wp-json\/wp\/v2\/media?parent=368"}],"wp:term":[{"taxonomy":"product_brand","embeddable":true,"href":"https:\/\/grupobsagro.com.br\/bsagrociences\/wp-json\/wp\/v2\/product_brand?post=368"},{"taxonomy":"product_cat","embeddable":true,"href":"https:\/\/grupobsagro.com.br\/bsagrociences\/wp-json\/wp\/v2\/product_cat?post=368"},{"taxonomy":"product_tag","embeddable":true,"href":"https:\/\/grupobsagro.com.br\/bsagrociences\/wp-json\/wp\/v2\/product_tag?post=368"}],"curies":[{"name":"wp","href":"https:\/\/api.w.org\/{rel}","templated":true}]}}