{"id":350,"date":"2020-12-04T17:43:19","date_gmt":"2020-12-04T20:43:19","guid":{"rendered":"https:\/\/grupobsagro.com.br\/bsagrociences\/?post_type=product&#038;p=350"},"modified":"2025-08-21T01:07:10","modified_gmt":"2025-08-21T04:07:10","slug":"photencial-cobre","status":"publish","type":"product","link":"https:\/\/grupobsagro.com.br\/bsagrociences\/produto\/photencial-cobre\/","title":{"rendered":"PHOTENCIAL COBRE"},"content":{"rendered":"","protected":false},"excerpt":{"rendered":"<div>\n<p><em><strong>PHOTENCIAL COBRE<\/strong><\/em><\/p>\n<p>Photencial cobre possui em sua formula\u00e7\u00e3o a a\u00e7\u00e3o de sinergismo do enxofre e cobre, proporcionando as culturas maior efici\u00eancia desses nutrientes deixando as plantas mais saud\u00e1veis e resistentes aumentando sua capacidade de produ\u00e7\u00e3o.<\/p>\n<\/div>\n","protected":false},"featured_media":564,"template":"","meta":[],"product_brand":[],"product_cat":[21],"product_tag":[],"class_list":{"0":"post-350","1":"product","2":"type-product","3":"status-publish","4":"has-post-thumbnail","6":"product_cat-fertilizante-foliar-nutricao","8":"first","9":"instock","10":"shipping-taxable","11":"product-type-simple"},"_links":{"self":[{"href":"https:\/\/grupobsagro.com.br\/bsagrociences\/wp-json\/wp\/v2\/product\/350","targetHints":{"allow":["GET"]}}],"collection":[{"href":"https:\/\/grupobsagro.com.br\/bsagrociences\/wp-json\/wp\/v2\/product"}],"about":[{"href":"https:\/\/grupobsagro.com.br\/bsagrociences\/wp-json\/wp\/v2\/types\/product"}],"wp:featuredmedia":[{"embeddable":true,"href":"https:\/\/grupobsagro.com.br\/bsagrociences\/wp-json\/wp\/v2\/media\/564"}],"wp:attachment":[{"href":"https:\/\/grupobsagro.com.br\/bsagrociences\/wp-json\/wp\/v2\/media?parent=350"}],"wp:term":[{"taxonomy":"product_brand","embeddable":true,"href":"https:\/\/grupobsagro.com.br\/bsagrociences\/wp-json\/wp\/v2\/product_brand?post=350"},{"taxonomy":"product_cat","embeddable":true,"href":"https:\/\/grupobsagro.com.br\/bsagrociences\/wp-json\/wp\/v2\/product_cat?post=350"},{"taxonomy":"product_tag","embeddable":true,"href":"https:\/\/grupobsagro.com.br\/bsagrociences\/wp-json\/wp\/v2\/product_tag?post=350"}],"curies":[{"name":"wp","href":"https:\/\/api.w.org\/{rel}","templated":true}]}}