{"id":171,"date":"2020-08-27T00:13:12","date_gmt":"2020-08-27T03:13:12","guid":{"rendered":"https:\/\/grupobsagro.com.br\/bsagrociences\/?post_type=product&#038;p=171"},"modified":"2025-08-21T00:27:45","modified_gmt":"2025-08-21T03:27:45","slug":"photencial","status":"publish","type":"product","link":"https:\/\/grupobsagro.com.br\/bsagrociences\/produto\/photencial\/","title":{"rendered":"PHOTENCIAL"},"content":{"rendered":"","protected":false},"excerpt":{"rendered":"<p><em><strong>PHOTENCIAL<\/strong><\/em> <strong>&#8211; Otimiza\u00e7\u00e3o de defensivos e rendimento operacional.<\/strong><\/p>\n<p>Photencial, cont\u00e9m ingredientes que potencializam a absor\u00e7\u00e3o dos produtos aplicados nas folhas das plantas, aumentando a superf\u00edcie de contato entre as gotas e as folhas, reduzindo as perdas na aplica\u00e7\u00e3o causadas por condi\u00e7\u00f5es clim\u00e1ticas adversas.<\/p>\n<p>Auxiliando na melhor distribui\u00e7\u00e3o dos ingredientes ativos sobre o alvo, reduzindo espuma e percas por volatiliza\u00e7\u00e3o e lixivia\u00e7\u00e3o.<\/p>\n","protected":false},"featured_media":552,"template":"","meta":[],"product_brand":[],"product_cat":[22],"product_tag":[],"class_list":{"0":"post-171","1":"product","2":"type-product","3":"status-publish","4":"has-post-thumbnail","6":"product_cat-adjuvantes","8":"first","9":"instock","10":"shipping-taxable","11":"product-type-simple"},"_links":{"self":[{"href":"https:\/\/grupobsagro.com.br\/bsagrociences\/wp-json\/wp\/v2\/product\/171","targetHints":{"allow":["GET"]}}],"collection":[{"href":"https:\/\/grupobsagro.com.br\/bsagrociences\/wp-json\/wp\/v2\/product"}],"about":[{"href":"https:\/\/grupobsagro.com.br\/bsagrociences\/wp-json\/wp\/v2\/types\/product"}],"wp:featuredmedia":[{"embeddable":true,"href":"https:\/\/grupobsagro.com.br\/bsagrociences\/wp-json\/wp\/v2\/media\/552"}],"wp:attachment":[{"href":"https:\/\/grupobsagro.com.br\/bsagrociences\/wp-json\/wp\/v2\/media?parent=171"}],"wp:term":[{"taxonomy":"product_brand","embeddable":true,"href":"https:\/\/grupobsagro.com.br\/bsagrociences\/wp-json\/wp\/v2\/product_brand?post=171"},{"taxonomy":"product_cat","embeddable":true,"href":"https:\/\/grupobsagro.com.br\/bsagrociences\/wp-json\/wp\/v2\/product_cat?post=171"},{"taxonomy":"product_tag","embeddable":true,"href":"https:\/\/grupobsagro.com.br\/bsagrociences\/wp-json\/wp\/v2\/product_tag?post=171"}],"curies":[{"name":"wp","href":"https:\/\/api.w.org\/{rel}","templated":true}]}}