{"id":170,"date":"2020-08-26T23:56:26","date_gmt":"2020-08-27T02:56:26","guid":{"rendered":"https:\/\/grupobsagro.com.br\/bsagrociences\/?post_type=product&#038;p=170"},"modified":"2025-08-21T00:20:20","modified_gmt":"2025-08-21T03:20:20","slug":"fine-n","status":"publish","type":"product","link":"https:\/\/grupobsagro.com.br\/bsagrociences\/produto\/fine-n\/","title":{"rendered":"FIVE N"},"content":{"rendered":"","protected":false},"excerpt":{"rendered":"<p><em><strong>FIVE N<\/strong><\/em>\u00a0 &#8211;<strong>\u00a0Diferentes fontes de nitrog\u00eanio l\u00edquido de libera\u00e7\u00e3o gradual.<\/strong><\/p>\n<p>Five N, fonte de nitrog\u00eanio de alta efici\u00eancia agron\u00f4mica, possui em sua formula\u00e7\u00e3o diferentes fontes de N e ingredientes que regulam a libera\u00e7\u00e3o gradual, tendo menor volatiliza\u00e7\u00e3o, lixivia\u00e7\u00e3o e aumentando a absor\u00e7\u00e3o e efici\u00eancia de uso pelas plantas em todas as fases.<\/p>\n<p>Menor fitotoxidade, cont\u00e9m associa\u00e7\u00f5es com subst\u00e2ncias h\u00famicas, f\u00falvicas e amino\u00e1cidos. Potencializando a absor\u00e7\u00e3o do N, permitindo assim uma aplica\u00e7\u00e3o uniforme e baixo risco de incompatibilidades. Baixo risco de corros\u00e3o, podendo ser aplicado em diversas condi\u00e7\u00f5es clim\u00e1ticas e de umidade de solo.<\/p>\n","protected":false},"featured_media":545,"template":"","meta":[],"product_brand":[],"product_cat":[20],"product_tag":[],"class_list":{"0":"post-170","1":"product","2":"type-product","3":"status-publish","4":"has-post-thumbnail","6":"product_cat-linha-premium","8":"first","9":"instock","10":"shipping-taxable","11":"product-type-simple"},"_links":{"self":[{"href":"https:\/\/grupobsagro.com.br\/bsagrociences\/wp-json\/wp\/v2\/product\/170","targetHints":{"allow":["GET"]}}],"collection":[{"href":"https:\/\/grupobsagro.com.br\/bsagrociences\/wp-json\/wp\/v2\/product"}],"about":[{"href":"https:\/\/grupobsagro.com.br\/bsagrociences\/wp-json\/wp\/v2\/types\/product"}],"wp:featuredmedia":[{"embeddable":true,"href":"https:\/\/grupobsagro.com.br\/bsagrociences\/wp-json\/wp\/v2\/media\/545"}],"wp:attachment":[{"href":"https:\/\/grupobsagro.com.br\/bsagrociences\/wp-json\/wp\/v2\/media?parent=170"}],"wp:term":[{"taxonomy":"product_brand","embeddable":true,"href":"https:\/\/grupobsagro.com.br\/bsagrociences\/wp-json\/wp\/v2\/product_brand?post=170"},{"taxonomy":"product_cat","embeddable":true,"href":"https:\/\/grupobsagro.com.br\/bsagrociences\/wp-json\/wp\/v2\/product_cat?post=170"},{"taxonomy":"product_tag","embeddable":true,"href":"https:\/\/grupobsagro.com.br\/bsagrociences\/wp-json\/wp\/v2\/product_tag?post=170"}],"curies":[{"name":"wp","href":"https:\/\/api.w.org\/{rel}","templated":true}]}}