{"id":169,"date":"2020-08-26T23:55:04","date_gmt":"2020-08-27T02:55:04","guid":{"rendered":"https:\/\/grupobsagro.com.br\/bsagrociences\/?post_type=product&#038;p=169"},"modified":"2025-08-21T00:20:08","modified_gmt":"2025-08-21T03:20:08","slug":"sanity","status":"publish","type":"product","link":"https:\/\/grupobsagro.com.br\/bsagrociences\/produto\/sanity\/","title":{"rendered":"SANITY"},"content":{"rendered":"","protected":false},"excerpt":{"rendered":"<p><em><strong>SANITY<\/strong><\/em> <strong>&#8211;\u00a0Plantas saud\u00e1veis e resistentes, aumentando a sanidade e qualidade dos frutos e plantas.<\/strong><\/p>\n<p>Sanity, promove uma cobertura sim\u00e9trica em toda \u00e1rea foliar das plantas, apresentando sinergia com todos os produtos registrados no mercado. Cont\u00e9m um elevado n\u00edvel tecnol\u00f3gico em sua composi\u00e7\u00e3o e de grande efic\u00e1cia no campo.<\/p>\n<p>Atrav\u00e9s dos seus princ\u00edpios ativos, aumenta os mecanismos de defesa, fortalecendo paredes celulares e sanidade. Garantindo plantas mais firmes e fortes durante todo o ciclo.<\/p>\n","protected":false},"featured_media":547,"template":"","meta":[],"product_brand":[],"product_cat":[20],"product_tag":[],"class_list":{"0":"post-169","1":"product","2":"type-product","3":"status-publish","4":"has-post-thumbnail","6":"product_cat-linha-premium","8":"first","9":"instock","10":"shipping-taxable","11":"product-type-simple"},"_links":{"self":[{"href":"https:\/\/grupobsagro.com.br\/bsagrociences\/wp-json\/wp\/v2\/product\/169","targetHints":{"allow":["GET"]}}],"collection":[{"href":"https:\/\/grupobsagro.com.br\/bsagrociences\/wp-json\/wp\/v2\/product"}],"about":[{"href":"https:\/\/grupobsagro.com.br\/bsagrociences\/wp-json\/wp\/v2\/types\/product"}],"wp:featuredmedia":[{"embeddable":true,"href":"https:\/\/grupobsagro.com.br\/bsagrociences\/wp-json\/wp\/v2\/media\/547"}],"wp:attachment":[{"href":"https:\/\/grupobsagro.com.br\/bsagrociences\/wp-json\/wp\/v2\/media?parent=169"}],"wp:term":[{"taxonomy":"product_brand","embeddable":true,"href":"https:\/\/grupobsagro.com.br\/bsagrociences\/wp-json\/wp\/v2\/product_brand?post=169"},{"taxonomy":"product_cat","embeddable":true,"href":"https:\/\/grupobsagro.com.br\/bsagrociences\/wp-json\/wp\/v2\/product_cat?post=169"},{"taxonomy":"product_tag","embeddable":true,"href":"https:\/\/grupobsagro.com.br\/bsagrociences\/wp-json\/wp\/v2\/product_tag?post=169"}],"curies":[{"name":"wp","href":"https:\/\/api.w.org\/{rel}","templated":true}]}}