{"id":168,"date":"2020-08-26T23:53:32","date_gmt":"2020-08-27T02:53:32","guid":{"rendered":"https:\/\/grupobsagro.com.br\/bsagrociences\/?post_type=product&#038;p=168"},"modified":"2025-08-21T00:19:56","modified_gmt":"2025-08-21T03:19:56","slug":"zeus","status":"publish","type":"product","link":"https:\/\/grupobsagro.com.br\/bsagrociences\/produto\/zeus\/","title":{"rendered":"ZEUS"},"content":{"rendered":"","protected":false},"excerpt":{"rendered":"<p><em><strong>ZEUS<\/strong><\/em> <strong>&#8211;\u00a0Nova gera\u00e7\u00e3o de \u00f3leo natural para otimiza\u00e7\u00e3o do controle de pragas, doen\u00e7as e plantas daninhas.<\/strong><\/p>\n<p>Zeus, nova gera\u00e7\u00e3o para ser usada em todas as aplica\u00e7\u00f5es, fonte de N e B, elementos essenciais a agricultura, dispensando o uso de adjuvantes, N favorece a absor\u00e7\u00e3o dos ingredientes ativos pelas folhas das plantas, proporcionando maior absor\u00e7\u00e3o dos produtos aplicados.<\/p>\n<p>Apresenta excelente compatibilidade com os produtos registrados no pa\u00eds, compatibilizando misturas em tanque, reduzindo espuma, deriva e evapora\u00e7\u00e3o.<\/p>\n<p>Promove a\u00e7\u00e3o translaminar, aumentando absor\u00e7\u00e3o e transloca\u00e7\u00e3o dos produtos aplicados pelas plantas (raiz, caule, folha e \u00f3rg\u00e3os reprodutivos).<\/p>\n<p>N\u00e3o promove les\u00f5es nas plantas e \u00e9 totalmente sol\u00favel.<\/p>\n","protected":false},"featured_media":544,"template":"","meta":[],"product_brand":[],"product_cat":[20],"product_tag":[],"class_list":{"0":"post-168","1":"product","2":"type-product","3":"status-publish","4":"has-post-thumbnail","6":"product_cat-linha-premium","8":"first","9":"instock","10":"shipping-taxable","11":"product-type-simple"},"_links":{"self":[{"href":"https:\/\/grupobsagro.com.br\/bsagrociences\/wp-json\/wp\/v2\/product\/168","targetHints":{"allow":["GET"]}}],"collection":[{"href":"https:\/\/grupobsagro.com.br\/bsagrociences\/wp-json\/wp\/v2\/product"}],"about":[{"href":"https:\/\/grupobsagro.com.br\/bsagrociences\/wp-json\/wp\/v2\/types\/product"}],"wp:featuredmedia":[{"embeddable":true,"href":"https:\/\/grupobsagro.com.br\/bsagrociences\/wp-json\/wp\/v2\/media\/544"}],"wp:attachment":[{"href":"https:\/\/grupobsagro.com.br\/bsagrociences\/wp-json\/wp\/v2\/media?parent=168"}],"wp:term":[{"taxonomy":"product_brand","embeddable":true,"href":"https:\/\/grupobsagro.com.br\/bsagrociences\/wp-json\/wp\/v2\/product_brand?post=168"},{"taxonomy":"product_cat","embeddable":true,"href":"https:\/\/grupobsagro.com.br\/bsagrociences\/wp-json\/wp\/v2\/product_cat?post=168"},{"taxonomy":"product_tag","embeddable":true,"href":"https:\/\/grupobsagro.com.br\/bsagrociences\/wp-json\/wp\/v2\/product_tag?post=168"}],"curies":[{"name":"wp","href":"https:\/\/api.w.org\/{rel}","templated":true}]}}