{"id":167,"date":"2020-08-26T23:52:26","date_gmt":"2020-08-27T02:52:26","guid":{"rendered":"https:\/\/grupobsagro.com.br\/bsagrociences\/?post_type=product&#038;p=167"},"modified":"2025-08-21T00:19:45","modified_gmt":"2025-08-21T03:19:45","slug":"sufok","status":"publish","type":"product","link":"https:\/\/grupobsagro.com.br\/bsagrociences\/produto\/sufok\/","title":{"rendered":"SUFOK"},"content":{"rendered":"","protected":false},"excerpt":{"rendered":"<p><em><strong>SUFOK<\/strong><\/em> <strong>&#8211; Fertilizante l\u00edquido altamente concentrado e sol\u00favel. Enxofre (S) e pot\u00e1ssio (K)<\/strong><\/p>\n<p>Sufok, combina\u00e7\u00e3o de dois nutrientes fundamentais para as plantas, enxofre (S) e pot\u00e1ssio (K) altamente concentrados, com alta solubilidade em \u00e1gua.<\/p>\n<p>Enxofre (S) prontamente assimil\u00e1vel pelas plantas, auxiliando e aumentando a forma\u00e7\u00e3o de amino\u00e1cidos e prote\u00ednas, sendo baixo o \u00edndice salino \u00e9 ideal para culturas sens\u00edveis \u00e0 salinidade. Apresenta alta compatibilidade em mistura.<\/p>\n<p>Pot\u00e1ssio (K) melhora a uniformidade de matura\u00e7\u00e3o, Brix, ATR e salinidade do produto colhido, aumentando assim o tempo de conserva\u00e7\u00e3o. Um incremento importante na associa\u00e7\u00e3o a pulveriza\u00e7\u00e3o junto com inseticidas.<\/p>\n","protected":false},"featured_media":548,"template":"","meta":[],"product_brand":[],"product_cat":[20],"product_tag":[],"class_list":{"0":"post-167","1":"product","2":"type-product","3":"status-publish","4":"has-post-thumbnail","6":"product_cat-linha-premium","8":"first","9":"instock","10":"shipping-taxable","11":"product-type-simple"},"_links":{"self":[{"href":"https:\/\/grupobsagro.com.br\/bsagrociences\/wp-json\/wp\/v2\/product\/167","targetHints":{"allow":["GET"]}}],"collection":[{"href":"https:\/\/grupobsagro.com.br\/bsagrociences\/wp-json\/wp\/v2\/product"}],"about":[{"href":"https:\/\/grupobsagro.com.br\/bsagrociences\/wp-json\/wp\/v2\/types\/product"}],"wp:featuredmedia":[{"embeddable":true,"href":"https:\/\/grupobsagro.com.br\/bsagrociences\/wp-json\/wp\/v2\/media\/548"}],"wp:attachment":[{"href":"https:\/\/grupobsagro.com.br\/bsagrociences\/wp-json\/wp\/v2\/media?parent=167"}],"wp:term":[{"taxonomy":"product_brand","embeddable":true,"href":"https:\/\/grupobsagro.com.br\/bsagrociences\/wp-json\/wp\/v2\/product_brand?post=167"},{"taxonomy":"product_cat","embeddable":true,"href":"https:\/\/grupobsagro.com.br\/bsagrociences\/wp-json\/wp\/v2\/product_cat?post=167"},{"taxonomy":"product_tag","embeddable":true,"href":"https:\/\/grupobsagro.com.br\/bsagrociences\/wp-json\/wp\/v2\/product_tag?post=167"}],"curies":[{"name":"wp","href":"https:\/\/api.w.org\/{rel}","templated":true}]}}