{"id":166,"date":"2020-08-26T23:51:12","date_gmt":"2020-08-27T02:51:12","guid":{"rendered":"https:\/\/grupobsagro.com.br\/bsagrociences\/?post_type=product&#038;p=166"},"modified":"2025-08-21T00:19:06","modified_gmt":"2025-08-21T03:19:06","slug":"recover","status":"publish","type":"product","link":"https:\/\/grupobsagro.com.br\/bsagrociences\/produto\/recover\/","title":{"rendered":"RECOVER"},"content":{"rendered":"","protected":false},"excerpt":{"rendered":"<p><em><strong>RECOVER<\/strong> <\/em><strong>&#8211; Proporcionando vigor, crescimento, produtividade e maior resist\u00eancia \u00e0 estresses clim\u00e1ticos, salino e t\u00e9rmico.<\/strong><\/p>\n<p>Recover, altamente concentrado de nutrientes e compostos org\u00e2nicos, sendo assim melhora a germina\u00e7\u00e3o e emerg\u00eancia das plantas, promovendo maior resist\u00eancia \u00e0 estresses clim\u00e1ticos (h\u00eddrico, salino e t\u00e9rmico). Aumentando o desenvolvimento do sistema radicular e radicelas.<\/p>\n<p>Acelera o desenvolvimento inicial e uniformidade, melhorando o estande de plantas no campo (fechamento de linha). \u00c9 compat\u00edvel com inoculantes e outros produtos recomendados para o tratamento de sementes. Confere as plantas uma maior resist\u00eancia as adversidades mantendo-as mais saud\u00e1veis.<\/p>\n","protected":false},"featured_media":546,"template":"","meta":[],"product_brand":[],"product_cat":[20],"product_tag":[],"class_list":{"0":"post-166","1":"product","2":"type-product","3":"status-publish","4":"has-post-thumbnail","6":"product_cat-linha-premium","8":"first","9":"instock","10":"shipping-taxable","11":"product-type-simple"},"_links":{"self":[{"href":"https:\/\/grupobsagro.com.br\/bsagrociences\/wp-json\/wp\/v2\/product\/166","targetHints":{"allow":["GET"]}}],"collection":[{"href":"https:\/\/grupobsagro.com.br\/bsagrociences\/wp-json\/wp\/v2\/product"}],"about":[{"href":"https:\/\/grupobsagro.com.br\/bsagrociences\/wp-json\/wp\/v2\/types\/product"}],"wp:featuredmedia":[{"embeddable":true,"href":"https:\/\/grupobsagro.com.br\/bsagrociences\/wp-json\/wp\/v2\/media\/546"}],"wp:attachment":[{"href":"https:\/\/grupobsagro.com.br\/bsagrociences\/wp-json\/wp\/v2\/media?parent=166"}],"wp:term":[{"taxonomy":"product_brand","embeddable":true,"href":"https:\/\/grupobsagro.com.br\/bsagrociences\/wp-json\/wp\/v2\/product_brand?post=166"},{"taxonomy":"product_cat","embeddable":true,"href":"https:\/\/grupobsagro.com.br\/bsagrociences\/wp-json\/wp\/v2\/product_cat?post=166"},{"taxonomy":"product_tag","embeddable":true,"href":"https:\/\/grupobsagro.com.br\/bsagrociences\/wp-json\/wp\/v2\/product_tag?post=166"}],"curies":[{"name":"wp","href":"https:\/\/api.w.org\/{rel}","templated":true}]}}