{"id":165,"date":"2020-08-26T23:49:45","date_gmt":"2020-08-27T02:49:45","guid":{"rendered":"https:\/\/grupobsagro.com.br\/bsagrociences\/?post_type=product&#038;p=165"},"modified":"2025-08-21T00:26:48","modified_gmt":"2025-08-21T03:26:48","slug":"photencial-ph","status":"publish","type":"product","link":"https:\/\/grupobsagro.com.br\/bsagrociences\/produto\/photencial-ph\/","title":{"rendered":"PHOTENCIAL PH"},"content":{"rendered":"","protected":false},"excerpt":{"rendered":"<p><em><strong>PHOTENCIAL PH<\/strong><\/em><strong> &#8211;\u00a0<\/strong><strong>Otimiza\u00e7\u00e3o de defensivos e rendimento operacional.<\/strong><\/p>\n<p>Photencial PH, cont\u00e9m ingredientes que potencializam a absor\u00e7\u00e3o dos produtos aplicados nas folhas das plantas, aumentando a superf\u00edcie de contato entre as gotas e as folhas, reduzindo as perdas na aplica\u00e7\u00e3o causadas por condi\u00e7\u00f5es clim\u00e1ticas adversas.<\/p>\n<p>Auxiliando na melhor distribui\u00e7\u00e3o dos ingredientes ativos sobre o alvo, reduzindo espuma e percas por volatiliza\u00e7\u00e3o e lixivia\u00e7\u00e3o. Ajusta o PH da calda, deixando-o ideal para a pulveriza\u00e7\u00e3o.<\/p>\n","protected":false},"featured_media":550,"template":"","meta":[],"product_brand":[],"product_cat":[22],"product_tag":[],"class_list":{"0":"post-165","1":"product","2":"type-product","3":"status-publish","4":"has-post-thumbnail","6":"product_cat-adjuvantes","8":"first","9":"instock","10":"shipping-taxable","11":"product-type-simple"},"_links":{"self":[{"href":"https:\/\/grupobsagro.com.br\/bsagrociences\/wp-json\/wp\/v2\/product\/165","targetHints":{"allow":["GET"]}}],"collection":[{"href":"https:\/\/grupobsagro.com.br\/bsagrociences\/wp-json\/wp\/v2\/product"}],"about":[{"href":"https:\/\/grupobsagro.com.br\/bsagrociences\/wp-json\/wp\/v2\/types\/product"}],"wp:featuredmedia":[{"embeddable":true,"href":"https:\/\/grupobsagro.com.br\/bsagrociences\/wp-json\/wp\/v2\/media\/550"}],"wp:attachment":[{"href":"https:\/\/grupobsagro.com.br\/bsagrociences\/wp-json\/wp\/v2\/media?parent=165"}],"wp:term":[{"taxonomy":"product_brand","embeddable":true,"href":"https:\/\/grupobsagro.com.br\/bsagrociences\/wp-json\/wp\/v2\/product_brand?post=165"},{"taxonomy":"product_cat","embeddable":true,"href":"https:\/\/grupobsagro.com.br\/bsagrociences\/wp-json\/wp\/v2\/product_cat?post=165"},{"taxonomy":"product_tag","embeddable":true,"href":"https:\/\/grupobsagro.com.br\/bsagrociences\/wp-json\/wp\/v2\/product_tag?post=165"}],"curies":[{"name":"wp","href":"https:\/\/api.w.org\/{rel}","templated":true}]}}